{"id":3,"date":"2024-10-23T11:46:57","date_gmt":"2024-10-23T11:46:57","guid":{"rendered":"https:\/\/logxt.org\/?page_id=3"},"modified":"2025-10-28T16:19:46","modified_gmt":"2025-10-28T16:19:46","slug":"privacy-policy","status":"publish","type":"page","link":"https:\/\/logistics-im.com\/de\/privacy-policy\/","title":{"rendered":"Impressum"},"content":{"rendered":"\t\t<div data-elementor-type=\"wp-page\" data-elementor-id=\"3\" class=\"elementor elementor-3\">\n\t\t\t\t<div class=\"elementor-element elementor-element-adfc289 e-flex e-con-boxed e-con e-parent\" data-id=\"adfc289\" data-element_type=\"container\">\n\t\t\t\t\t<div class=\"e-con-inner\">\n\t\t\t\t<div class=\"elementor-element elementor-element-82147ca elementor-widget elementor-widget-heading\" data-id=\"82147ca\" data-element_type=\"widget\" data-widget_type=\"heading.default\">\n\t\t\t\t<div class=\"elementor-widget-container\">\n\t\t\t\t\t<h2 class=\"elementor-heading-title elementor-size-default\">Impressum<\/h2>\t\t\t\t<\/div>\n\t\t\t\t<\/div>\n\t\t\t\t<div class=\"elementor-element elementor-element-d59b15e elementor-widget elementor-widget-text-editor\" data-id=\"d59b15e\" data-element_type=\"widget\" data-widget_type=\"text-editor.default\">\n\t\t\t\t<div class=\"elementor-widget-container\">\n\t\t\t\t\t\t\t\t\t<p>logistics in motion GmbH<br>B\u00fcrgermeister-Ro\u00dfmann-Stra\u00dfe 11<br>92526 Oberviechtach<\/p>\n<p>Handelsregister: HRB 7459<br>Registergericht: Amtsgericht Amberg<\/p>\n<p>Vertreten durch:<br>Alexander Fink<\/p>\t\t\t\t\t\t\t\t<\/div>\n\t\t\t\t<\/div>\n\t\t\t\t<div class=\"elementor-element elementor-element-d23a463 elementor-widget elementor-widget-heading\" data-id=\"d23a463\" data-element_type=\"widget\" data-widget_type=\"heading.default\">\n\t\t\t\t<div class=\"elementor-widget-container\">\n\t\t\t\t\t<h2 class=\"elementor-heading-title elementor-size-default\">Kontakt<\/h2>\t\t\t\t<\/div>\n\t\t\t\t<\/div>\n\t\t\t\t<div class=\"elementor-element elementor-element-790804c elementor-widget elementor-widget-text-editor\" data-id=\"790804c\" data-element_type=\"widget\" data-widget_type=\"text-editor.default\">\n\t\t\t\t<div class=\"elementor-widget-container\">\n\t\t\t\t\t\t\t\t\t<p>Telefon: +4996717269199<br \/>E-Mail: info@logistics-im.com<\/p>\t\t\t\t\t\t\t\t<\/div>\n\t\t\t\t<\/div>\n\t\t\t\t<div class=\"elementor-element elementor-element-53be1e8 elementor-widget elementor-widget-heading\" data-id=\"53be1e8\" data-element_type=\"widget\" data-widget_type=\"heading.default\">\n\t\t\t\t<div class=\"elementor-widget-container\">\n\t\t\t\t\t<h2 class=\"elementor-heading-title elementor-size-default\">Umsatzsteuer-ID<\/h2>\t\t\t\t<\/div>\n\t\t\t\t<\/div>\n\t\t\t\t<div class=\"elementor-element elementor-element-e3027cd elementor-widget elementor-widget-text-editor\" data-id=\"e3027cd\" data-element_type=\"widget\" data-widget_type=\"text-editor.default\">\n\t\t\t\t<div class=\"elementor-widget-container\">\n\t\t\t\t\t\t\t\t\t<p>Umsatzsteuer-Identifikationsnummer gem\u00e4\u00df \u00a7 27 a Umsatzsteuergesetz:<br \/>DE359757484<\/p>\t\t\t\t\t\t\t\t<\/div>\n\t\t\t\t<\/div>\n\t\t\t\t<div class=\"elementor-element elementor-element-25244a3 elementor-widget elementor-widget-heading\" data-id=\"25244a3\" data-element_type=\"widget\" data-widget_type=\"heading.default\">\n\t\t\t\t<div class=\"elementor-widget-container\">\n\t\t\t\t\t<h2 class=\"elementor-heading-title elementor-size-default\">Angaben zur Berufshaftpflichtversicherung<\/h2>\t\t\t\t<\/div>\n\t\t\t\t<\/div>\n\t\t\t\t<div class=\"elementor-element elementor-element-a0493c0 elementor-widget elementor-widget-text-editor\" data-id=\"a0493c0\" data-element_type=\"widget\" data-widget_type=\"text-editor.default\">\n\t\t\t\t<div class=\"elementor-widget-container\">\n\t\t\t\t\t\t\t\t\t<p>Name und Sitz des Versicherers:<br \/><span style=\"color: var( --e-global-color-text ); font-family: var( --e-global-typography-text-font-family ), Sans-serif; font-weight: var( --e-global-typography-text-font-weight ); text-align: var(--text-align); background-color: var(--wp--preset--color--ti-bg); font-size: var(--wp--preset--font-size--normal);\">ARAG SE<br \/><\/span><span style=\"color: var( --e-global-color-text ); font-family: var( --e-global-typography-text-font-family ), Sans-serif; font-weight: var( --e-global-typography-text-font-weight ); text-align: var(--text-align); background-color: var(--wp--preset--color--ti-bg); font-size: var(--wp--preset--font-size--normal);\">ARAG Platz 1<br \/><\/span><span style=\"color: var( --e-global-color-text ); font-family: var( --e-global-typography-text-font-family ), Sans-serif; font-weight: var( --e-global-typography-text-font-weight ); text-align: var(--text-align); background-color: var(--wp--preset--color--ti-bg); font-size: var(--wp--preset--font-size--normal);\">40472 D\u00fcsseldorf<\/span><\/p>\n<p>Geltungsraum der Versicherung:<br \/><span style=\"color: var( --e-global-color-text ); font-family: var( --e-global-typography-text-font-family ), Sans-serif; font-weight: var( --e-global-typography-text-font-weight ); text-align: var(--text-align); background-color: var(--wp--preset--color--ti-bg); font-size: var(--wp--preset--font-size--normal);\">weltweit<\/span><\/p>\t\t\t\t\t\t\t\t<\/div>\n\t\t\t\t<\/div>\n\t\t\t\t<div class=\"elementor-element elementor-element-03355e1 elementor-widget elementor-widget-heading\" data-id=\"03355e1\" data-element_type=\"widget\" data-widget_type=\"heading.default\">\n\t\t\t\t<div class=\"elementor-widget-container\">\n\t\t\t\t\t<h2 class=\"elementor-heading-title elementor-size-default\">Verbraucherstreitbeilegung\/Universalschlichtungsstelle<\/h2>\t\t\t\t<\/div>\n\t\t\t\t<\/div>\n\t\t\t\t<div class=\"elementor-element elementor-element-c152a10 elementor-widget elementor-widget-text-editor\" data-id=\"c152a10\" data-element_type=\"widget\" data-widget_type=\"text-editor.default\">\n\t\t\t\t<div class=\"elementor-widget-container\">\n\t\t\t\t\t\t\t\t\t<p>Wir sind nicht bereit oder verpflichtet, an Streitbeilegungsverfahren vor einer Verbraucherschlichtungsstelle teilzunehmen.<\/p>\t\t\t\t\t\t\t\t<\/div>\n\t\t\t\t<\/div>\n\t\t\t\t<div class=\"elementor-element elementor-element-9df16a1 elementor-widget elementor-widget-heading\" data-id=\"9df16a1\" data-element_type=\"widget\" data-widget_type=\"heading.default\">\n\t\t\t\t<div class=\"elementor-widget-container\">\n\t\t\t\t\t<h2 class=\"elementor-heading-title elementor-size-default\">Verlinkungen<\/h2>\t\t\t\t<\/div>\n\t\t\t\t<\/div>\n\t\t\t\t<div class=\"elementor-element elementor-element-483eccb elementor-widget elementor-widget-text-editor\" data-id=\"483eccb\" data-element_type=\"widget\" data-widget_type=\"text-editor.default\">\n\t\t\t\t<div class=\"elementor-widget-container\">\n\t\t\t\t\t\t\t\t\t<p>Wichtiger Hinweis zur Verlinkung: Bez\u00fcglich fremder Inhalte, zu denen Verkn\u00fcpfungen (Links) bestehen, distanzieren wir uns entsprechend dem Urteil des Landgerichts Hamburg vom 12. Mai 1998 ausdr\u00fccklich von den Inhalten dieser Internetseiten. Links werden vor der Einstellung von uns inhaltlich gepr\u00fcft. Die Verantwortung f\u00fcr die Inhalte verlinkter Seiten liegt indessen stets bei den Anbietern verlinkter Seiten. F\u00fcr alle Links gilt: <strong data-start=\"513\" data-end=\"537\">www.logistics-im.com<\/strong> hat keinen Einfluss auf Inhalt und Gestaltung der verlinkten Seiten. Die Nutzung von Links, die zu Seiten au\u00dferhalb von <strong data-start=\"658\" data-end=\"682\">www.logistics-im.com<\/strong> f\u00fchren, erfolgt auf eigene Verantwortung der Nutzer. Die Aufnahme von Links auf andere URLs ist ein Service f\u00fcr unsere Internet-Besucher und jederzeit widerrufbar. Sie beinhaltet keinen Rechtsanspruch auf Beibehalt.<br data-start=\"898\" data-end=\"901\" \/>Bild- und Fotomaterial auf unseren Seiten unterliegt dem Copyright der <strong data-start=\"972\" data-end=\"1000\">logistics in motion GmbH<\/strong> bzw. weiterer ggf. angegebener Dritter. Es darf ohne schriftliche Genehmigung nicht verwendet werden. Bei Verweisen von fremden Homepages auf unsere Internetadresse sind die per Link angezeigten Inhalte eindeutig als zum Internetauftritt der <strong data-start=\"1243\" data-end=\"1271\">logistics in motion GmbH<\/strong> geh\u00f6rig zu kennzeichnen. Bei Zuwiderhandlungen m\u00fcssen wir uns vorbehalten, die Verwendung von Links zu untersagen und evtl. rechtliche Schritte einzuleiten.<\/p>\t\t\t\t\t\t\t\t<\/div>\n\t\t\t\t<\/div>\n\t\t\t\t<div class=\"elementor-element elementor-element-d4fc636 elementor-widget elementor-widget-heading\" data-id=\"d4fc636\" data-element_type=\"widget\" data-widget_type=\"heading.default\">\n\t\t\t\t<div class=\"elementor-widget-container\">\n\t\t\t\t\t<h2 class=\"elementor-heading-title elementor-size-default\">Datenschutz<\/h2>\t\t\t\t<\/div>\n\t\t\t\t<\/div>\n\t\t\t\t<div class=\"elementor-element elementor-element-2c62ebb elementor-widget elementor-widget-text-editor\" data-id=\"2c62ebb\" data-element_type=\"widget\" data-widget_type=\"text-editor.default\">\n\t\t\t\t<div class=\"elementor-widget-container\">\n\t\t\t\t\t\t\t\t\t<p data-start=\"1456\" data-end=\"1659\">Ihr Vertrauen ist uns wichtig. Deshalb respektieren wir den Datenschutz und informieren Sie \u00fcber die erhobenen und gespeicherten Daten und Ihre Rechte auf Auskunft, Berichtigung, Sperrung und L\u00f6schung.<\/p><ol><li data-start=\"1661\" data-end=\"2146\"><p data-start=\"1664\" data-end=\"2146\"><strong data-start=\"1664\" data-end=\"1698\">Datenerhebung und -speicherung<\/strong><br data-start=\"1698\" data-end=\"1701\" \/>Wenn eine Webseite besucht wird, sendet der Browser grunds\u00e4tzlich Informationen \u00fcber Browsertyp und Browserversion, das verwandte Betriebssystem, die Referrer-URL, die IP-Adresse, den Dateinamen, den Zugriffsstatus, die \u00fcbertragene Datenmenge, das Datum und die Uhrzeit der Serveranfrage. Diese Daten sind weder einer Person noch anderen Datenquellen zuzuordnen und werden zun\u00e4chst gespeichert und nach einer statistischen Auswertung gel\u00f6scht.<\/p><\/li><li data-start=\"2148\" data-end=\"2404\"><p data-start=\"2151\" data-end=\"2404\"><strong data-start=\"2151\" data-end=\"2162\">Cookies<\/strong><br data-start=\"2162\" data-end=\"2165\" \/>Ihr Browser speichert zudem so genannte Cookies. Dabei handelt es sich um Dateien, die ein Surfen im Internet benutzerfreundlicher gestalten sollen. Das Speichern von Cookies kann in den Einstellungen Ihres Browsers ausgeschaltet werden.<\/p><\/li><li data-start=\"2409\" data-end=\"3337\"><strong>Auskunft, Berichtigung, Sperrung und L\u00f6schung<\/strong><br data-start=\"2458\" data-end=\"2461\" \/>Personenbezogene Daten werden nur mit Ihrer Einwilligung zur Beantwortung von Anfragen, Abwicklung von Vertr\u00e4gen und der technischen Administration erhoben und f\u00fcr Dritte unzug\u00e4nglich gespeichert. Eine Weitergabe der Daten an Dritte erfolgt nur zum Zweck der Vertragsabwicklung bzw. bei Ihrer Einwilligung, welche jederzeit widerrufen werden kann. Eine Weitergabe oder ein Verkauf der personenbezogenen Daten findet nicht statt.<br data-start=\"2889\" data-end=\"2892\" \/>Jederzeit kann von Ihnen Auskunft \u00fcber die gespeicherten Daten, den Zweck der Speicherung und deren Herkunft verlangt werden. Zus\u00e4tzlich besteht nach Ma\u00dfgabe der gesetzlichen Bestimmungen ein Recht auf Berichtigung, Sperrung und L\u00f6schung der personenbezogenen Daten. Eine entsprechende Anfrage bzw. ein Begehren nach Berichtigung, Sperrung oder L\u00f6schung der personenbezogenen Daten ist \u00fcber die auf der Webseite genannten Kontaktdaten m\u00f6glich.<\/li><\/ol><p data-start=\"3339\" data-end=\"3407\">Quelle und weitere Informationen: just law Rechtsanw\u00e4lte G\u00f6ttingen<\/p>\t\t\t\t\t\t\t\t<\/div>\n\t\t\t\t<\/div>\n\t\t\t\t\t<\/div>\n\t\t\t\t<\/div>\n\t\t\t\t<\/div>\n\t\t","protected":false},"excerpt":{"rendered":"<p>Impressum logistics in motion GmbHB\u00fcrgermeister-Ro\u00dfmann-Stra\u00dfe 1192526 Oberviechtach Handelsregister: HRB 7459Registergericht: Amtsgericht Amberg Vertreten durch:Alexander Fink Kontakt Telefon: +4996717269199E-Mail: info@logistics-im.com Umsatzsteuer-ID Umsatzsteuer-Identifikationsnummer gem\u00e4\u00df \u00a7 27 a Umsatzsteuergesetz:DE359757484 Angaben zur Berufshaftpflichtversicherung Name und Sitz des Versicherers:ARAG SEARAG Platz 140472 D\u00fcsseldorf Geltungsraum der Versicherung:weltweit Verbraucherstreitbeilegung\/Universalschlichtungsstelle Wir sind nicht bereit oder verpflichtet, an Streitbeilegungsverfahren vor einer Verbraucherschlichtungsstelle teilzunehmen. Verlinkungen [&hellip;]<\/p>\n","protected":false},"author":1,"featured_media":0,"parent":0,"menu_order":0,"comment_status":"closed","ping_status":"open","template":"","meta":{"footnotes":""},"class_list":["post-3","page","type-page","status-publish","hentry"],"_links":{"self":[{"href":"https:\/\/logistics-im.com\/de\/wp-json\/wp\/v2\/pages\/3","targetHints":{"allow":["GET"]}}],"collection":[{"href":"https:\/\/logistics-im.com\/de\/wp-json\/wp\/v2\/pages"}],"about":[{"href":"https:\/\/logistics-im.com\/de\/wp-json\/wp\/v2\/types\/page"}],"author":[{"embeddable":true,"href":"https:\/\/logistics-im.com\/de\/wp-json\/wp\/v2\/users\/1"}],"replies":[{"embeddable":true,"href":"https:\/\/logistics-im.com\/de\/wp-json\/wp\/v2\/comments?post=3"}],"version-history":[{"count":28,"href":"https:\/\/logistics-im.com\/de\/wp-json\/wp\/v2\/pages\/3\/revisions"}],"predecessor-version":[{"id":523,"href":"https:\/\/logistics-im.com\/de\/wp-json\/wp\/v2\/pages\/3\/revisions\/523"}],"wp:attachment":[{"href":"https:\/\/logistics-im.com\/de\/wp-json\/wp\/v2\/media?parent=3"}],"curies":[{"name":"wp","href":"https:\/\/api.w.org\/{rel}","templated":true}]}}