{"id":227,"date":"2025-01-14T15:26:21","date_gmt":"2025-01-14T15:26:21","guid":{"rendered":"https:\/\/logxt.org\/?page_id=227"},"modified":"2025-10-24T15:26:49","modified_gmt":"2025-10-24T15:26:49","slug":"services","status":"publish","type":"page","link":"https:\/\/logistics-im.com\/de\/services\/","title":{"rendered":"Leistungen"},"content":{"rendered":"\t\t<div data-elementor-type=\"wp-page\" data-elementor-id=\"227\" class=\"elementor elementor-227\">\n\t\t\t\t<div class=\"elementor-element elementor-element-8d431d7 e-flex e-con-boxed e-con e-parent\" data-id=\"8d431d7\" data-element_type=\"container\">\n\t\t\t\t\t<div class=\"e-con-inner\">\n\t\t<div class=\"elementor-element elementor-element-1799ea4 e-con-full e-flex e-con e-child\" data-id=\"1799ea4\" data-element_type=\"container\">\n\t\t\t\t<div class=\"elementor-element elementor-element-31cb093 elementor-widget elementor-widget-heading\" data-id=\"31cb093\" data-element_type=\"widget\" data-widget_type=\"heading.default\">\n\t\t\t\t<div class=\"elementor-widget-container\">\n\t\t\t\t\t<h2 class=\"elementor-heading-title elementor-size-default\">Leistungen als Logistik-Projektmanager &amp; SAP EWM-Berater<\/h2>\t\t\t\t<\/div>\n\t\t\t\t<\/div>\n\t\t\t\t<div class=\"elementor-element elementor-element-9f91df7 elementor-widget elementor-widget-text-editor\" data-id=\"9f91df7\" data-element_type=\"widget\" data-widget_type=\"text-editor.default\">\n\t\t\t\t<div class=\"elementor-widget-container\">\n\t\t\t\t\t\t\t\t\t<p>Als erfahrener Projektmanager begleite ich Ihr Unternehmen im Logistik- und SAP EWM-Umfeld von der Analyse \u00fcber die erfolgreiche Umsetzung bis zur reibungslosen Produktivsetzung.&nbsp;Mit fundierter SAP EWM-Expertise, langj\u00e4hriger Projekterfahrung und praxisnaher Beratung sorge ich f\u00fcr Transparenz, Planbarkeit und Effizienz in allen Projektphasen.<\/p>\n<p>Mein Dienstleistungsportfolio umfasst:<\/p>\t\t\t\t\t\t\t\t<\/div>\n\t\t\t\t<\/div>\n\t\t\t\t<div class=\"elementor-element elementor-element-9268bb2 elementor-widget elementor-widget-heading\" data-id=\"9268bb2\" data-element_type=\"widget\" data-widget_type=\"heading.default\">\n\t\t\t\t<div class=\"elementor-widget-container\">\n\t\t\t\t\t<h4 class=\"elementor-heading-title elementor-size-default\">Projektvorbereitung &amp; Analyse<\/h4>\t\t\t\t<\/div>\n\t\t\t\t<\/div>\n\t\t\t\t<div class=\"elementor-element elementor-element-b300e23 elementor-widget elementor-widget-text-editor\" data-id=\"b300e23\" data-element_type=\"widget\" data-widget_type=\"text-editor.default\">\n\t\t\t\t<div class=\"elementor-widget-container\">\n\t\t\t\t\t\t\t\t\t<ul><li>Durchf\u00fchrung von Vorstudien und Einsatzanalysen f\u00fcr SAP EWM-Projekte<\/li><li>Machbarkeitspr\u00fcfungen, Aufwandssch\u00e4tzungen und Kostenermittlungen<\/li><li>Erstellung von Projekt- und Zeitpl\u00e4nen inkl. Budget- und Ressourcenplanung<\/li><\/ul>\t\t\t\t\t\t\t\t<\/div>\n\t\t\t\t<\/div>\n\t\t\t\t<div class=\"elementor-element elementor-element-1ad9228 elementor-widget elementor-widget-heading\" data-id=\"1ad9228\" data-element_type=\"widget\" data-widget_type=\"heading.default\">\n\t\t\t\t<div class=\"elementor-widget-container\">\n\t\t\t\t\t<h4 class=\"elementor-heading-title elementor-size-default\">Projektleitung &amp; Steuerung<\/h4>\t\t\t\t<\/div>\n\t\t\t\t<\/div>\n\t\t\t\t<div class=\"elementor-element elementor-element-c2a120a elementor-widget elementor-widget-text-editor\" data-id=\"c2a120a\" data-element_type=\"widget\" data-widget_type=\"text-editor.default\">\n\t\t\t\t<div class=\"elementor-widget-container\">\n\t\t\t\t\t\t\t\t\t<ul><li>Milestone-, Termin-, Budget- und Ressourcen-Monitoring in laufenden SAP EWM-Projekten<\/li><li>Steuerung von Entwicklungsteams und externen Partnern\/Dienstleistern<\/li><li>F\u00fchrung, Motivation und Training von Projekt- und Entwicklerteams<\/li><\/ul>\t\t\t\t\t\t\t\t<\/div>\n\t\t\t\t<\/div>\n\t\t\t\t<div class=\"elementor-element elementor-element-21c8fad elementor-widget elementor-widget-heading\" data-id=\"21c8fad\" data-element_type=\"widget\" data-widget_type=\"heading.default\">\n\t\t\t\t<div class=\"elementor-widget-container\">\n\t\t\t\t\t<h4 class=\"elementor-heading-title elementor-size-default\">Konzeption &amp; Realisierung<\/h4>\t\t\t\t<\/div>\n\t\t\t\t<\/div>\n\t\t\t\t<div class=\"elementor-element elementor-element-7188a3a elementor-widget elementor-widget-text-editor\" data-id=\"7188a3a\" data-element_type=\"widget\" data-widget_type=\"text-editor.default\">\n\t\t\t\t<div class=\"elementor-widget-container\">\n\t\t\t\t\t\t\t\t\t<ul><li>Erstellung fundierter Funktions- und Implementierungsspezifikationen zur Realisierung individueller Anforderungen.<\/li><li>Sicherstellung der Nutzung von SAP-Standardfunktionen und Wiederverwendung vorhandener Module<\/li><li>Koordination von Schnittstellen zu SAP ERP, SAP TM, SAP ME, Automatisierung (SPS) oder Non-SAP-Systemen<\/li><\/ul>\t\t\t\t\t\t\t\t<\/div>\n\t\t\t\t<\/div>\n\t\t\t\t<div class=\"elementor-element elementor-element-e08edfa elementor-widget elementor-widget-heading\" data-id=\"e08edfa\" data-element_type=\"widget\" data-widget_type=\"heading.default\">\n\t\t\t\t<div class=\"elementor-widget-container\">\n\t\t\t\t\t<h4 class=\"elementor-heading-title elementor-size-default\">Change- &amp; Testmanagement<\/h4>\t\t\t\t<\/div>\n\t\t\t\t<\/div>\n\t\t\t\t<\/div>\n\t\t\t\t<div class=\"elementor-element elementor-element-9c8a8c1 elementor-widget elementor-widget-text-editor\" data-id=\"9c8a8c1\" data-element_type=\"widget\" data-widget_type=\"text-editor.default\">\n\t\t\t\t<div class=\"elementor-widget-container\">\n\t\t\t\t\t\t\t\t\t<ul><li>Steuerung von Change-Requests inklusive Bewertung, Planung und Umsetzung<\/li><li>Aufbau und Durchf\u00fchrung von Testmanagement \u2013 von Testf\u00e4llen bis Go-Live-Begleitung<\/li><\/ul>\t\t\t\t\t\t\t\t<\/div>\n\t\t\t\t<\/div>\n\t\t\t\t<div class=\"elementor-element elementor-element-1a23e8a elementor-widget elementor-widget-heading\" data-id=\"1a23e8a\" data-element_type=\"widget\" data-widget_type=\"heading.default\">\n\t\t\t\t<div class=\"elementor-widget-container\">\n\t\t\t\t\t<h4 class=\"elementor-heading-title elementor-size-default\">Training &amp; Support<\/h4>\t\t\t\t<\/div>\n\t\t\t\t<\/div>\n\t\t\t\t<div class=\"elementor-element elementor-element-9dac751 elementor-widget elementor-widget-text-editor\" data-id=\"9dac751\" data-element_type=\"widget\" data-widget_type=\"text-editor.default\">\n\t\t\t\t<div class=\"elementor-widget-container\">\n\t\t\t\t\t\t\t\t\t<ul><li>Leitung, Motivation und Schulung von Projektteams und Key-Usern \u2013 f\u00fcr nachhaltigen Erfolg und Kompetenzaufbau.<\/li><li>Fachliche Unterst\u00fctzung w\u00e4hrend der Hypercare-Phase und im laufenden Betrieb<\/li><\/ul>\t\t\t\t\t\t\t\t<\/div>\n\t\t\t\t<\/div>\n\t\t\t\t\t<\/div>\n\t\t\t\t<\/div>\n\t\t\t\t<\/div>\n\t\t","protected":false},"excerpt":{"rendered":"<p>Leistungen als Logistik-Projektmanager &amp; SAP EWM-Berater Als erfahrener Projektmanager begleite ich Ihr Unternehmen im Logistik- und SAP EWM-Umfeld von der Analyse \u00fcber die erfolgreiche Umsetzung bis zur reibungslosen Produktivsetzung.&nbsp;Mit fundierter SAP EWM-Expertise, langj\u00e4hriger Projekterfahrung und praxisnaher Beratung sorge ich f\u00fcr Transparenz, Planbarkeit und Effizienz in allen Projektphasen. Mein Dienstleistungsportfolio umfasst: Projektvorbereitung &amp; Analyse Durchf\u00fchrung von [&hellip;]<\/p>\n","protected":false},"author":1,"featured_media":0,"parent":0,"menu_order":0,"comment_status":"closed","ping_status":"closed","template":"","meta":{"footnotes":""},"class_list":["post-227","page","type-page","status-publish","hentry"],"_links":{"self":[{"href":"https:\/\/logistics-im.com\/de\/wp-json\/wp\/v2\/pages\/227","targetHints":{"allow":["GET"]}}],"collection":[{"href":"https:\/\/logistics-im.com\/de\/wp-json\/wp\/v2\/pages"}],"about":[{"href":"https:\/\/logistics-im.com\/de\/wp-json\/wp\/v2\/types\/page"}],"author":[{"embeddable":true,"href":"https:\/\/logistics-im.com\/de\/wp-json\/wp\/v2\/users\/1"}],"replies":[{"embeddable":true,"href":"https:\/\/logistics-im.com\/de\/wp-json\/wp\/v2\/comments?post=227"}],"version-history":[{"count":77,"href":"https:\/\/logistics-im.com\/de\/wp-json\/wp\/v2\/pages\/227\/revisions"}],"predecessor-version":[{"id":504,"href":"https:\/\/logistics-im.com\/de\/wp-json\/wp\/v2\/pages\/227\/revisions\/504"}],"wp:attachment":[{"href":"https:\/\/logistics-im.com\/de\/wp-json\/wp\/v2\/media?parent=227"}],"curies":[{"name":"wp","href":"https:\/\/api.w.org\/{rel}","templated":true}]}}